{"id":3434,"date":"2023-05-02T10:26:24","date_gmt":"2023-05-02T08:26:24","guid":{"rendered":"https:\/\/marmonie.it\/prodotto\/marmonia-scioscio-trio\/"},"modified":"2023-08-30T01:49:19","modified_gmt":"2023-08-29T23:49:19","slug":"marmonia-scioscio-trio","status":"publish","type":"product","link":"https:\/\/marmonie.it\/en\/prodotto\/marmonia-scioscio-trio\/","title":{"rendered":"MARMONIA SCI\u00d2SCI\u00d2 Trio"},"content":{"rendered":"<p>The complete set of Sc\u00f2sci\u00f2 in the three colors.<br \/>\nIncludes:<br \/>\n<strong>MARMONIA SCI\u00d2SCI\u00d2 \u2013 Red Verona<br \/>\nMARMONIA SCI\u00d2SCI\u00d2 &#8211; White Carrara<br \/>\nMARMONIA SCI\u00d2SCI\u00d2 &#8211; Guatemalan Green<br \/>\n<\/strong><\/p>\n","protected":false},"excerpt":{"rendered":"<p>The complete set of Sc\u00f2sci\u00f2 in the three colors. Includes: MARMONIA SCI\u00d2SCI\u00d2 \u2013 Red Verona MARMONIA SCI\u00d2SCI\u00d2 &#8211; White Carrara MARMONIA SCI\u00d2SCI\u00d2 &#8211; Guatemalan Green<\/p>\n","protected":false},"featured_media":3714,"comment_status":"open","ping_status":"closed","template":"","meta":[],"product_cat":[113,99,98,102,110],"product_tag":[],"class_list":{"0":"post-3434","1":"product","2":"type-product","3":"status-publish","4":"has-post-thumbnail","5":"hentry","6":"product_cat-verona-red","7":"product_cat-office","8":"product_cat-elements","9":"product_cat-carrara-white","10":"product_cat-green-guatemala","swatches":"rey-swatches","show_selected":""},"acf":[],"_links":{"self":[{"href":"https:\/\/marmonie.it\/en\/wp-json\/wp\/v2\/product\/3434","targetHints":{"allow":["GET"]}}],"collection":[{"href":"https:\/\/marmonie.it\/en\/wp-json\/wp\/v2\/product"}],"about":[{"href":"https:\/\/marmonie.it\/en\/wp-json\/wp\/v2\/types\/product"}],"replies":[{"embeddable":true,"href":"https:\/\/marmonie.it\/en\/wp-json\/wp\/v2\/comments?post=3434"}],"wp:featuredmedia":[{"embeddable":true,"href":"https:\/\/marmonie.it\/en\/wp-json\/wp\/v2\/media\/3714"}],"wp:attachment":[{"href":"https:\/\/marmonie.it\/en\/wp-json\/wp\/v2\/media?parent=3434"}],"wp:term":[{"taxonomy":"product_cat","embeddable":true,"href":"https:\/\/marmonie.it\/en\/wp-json\/wp\/v2\/product_cat?post=3434"},{"taxonomy":"product_tag","embeddable":true,"href":"https:\/\/marmonie.it\/en\/wp-json\/wp\/v2\/product_tag?post=3434"}],"curies":[{"name":"wp","href":"https:\/\/api.w.org\/{rel}","templated":true}]}}