{"id":3428,"date":"2023-08-29T11:22:43","date_gmt":"2023-08-29T09:22:43","guid":{"rendered":"https:\/\/marmonie.it\/?post_type=product&#038;p=3428"},"modified":"2023-11-15T16:48:40","modified_gmt":"2023-11-15T15:48:40","slug":"marmonia-tavolo-kombo-new","status":"publish","type":"product","link":"https:\/\/marmonie.it\/en\/prodotto\/marmonia-tavolo-kombo-new\/","title":{"rendered":"MARMONIE  K\u00d6MBO"},"content":{"rendered":"<p><span style=\"font-weight: 400;\">MARMONIE K\u00d6MBO incarna la perfezione del design italiano, dove la struttura e la forma si fondono in un tributo all&#8217;eleganza e all&#8217;innovazione. Questo tavolo, con il suo ripiano tondo in marmo Bianco Carrara, evoca la classicit\u00e0, mentre la base rettangolare con il suo vuoto centrale esprime una sorprendente leggerezza che gioca con la percezione dello spazio e la consistenza del materiale.<\/span><\/p>\n<p><span style=\"font-weight: 400;\">Ogni dettaglio di K\u00d6MBO \u00e8 pensato con cura, dal liscio piano di appoggio alle linee architettoniche del piedistallo, rendendolo un pezzo d&#8217;arredamento che sfida le convenzioni con il suo stile audace e sofisticato.<\/span><\/p>\n<p>&nbsp;<\/p>\n<p><span style=\"font-weight: 400;\">K\u00d6MBO \u00e8 una dichiarazione d&#8217;intenti, un oggetto che trasforma lo spazio circostante e invita a una nuova esperienza dell&#8217;abitare, dove la bellezza si unisce alla funzionalit\u00e0 quotidiana, creando un&#8217;atmosfera di raffinata contemporaneit\u00e0.<\/span><\/p>\n<p>&nbsp;<\/p>\n<ul>\n<li style=\"font-weight: 400;\" aria-level=\"1\"><b>Formato<\/b><span style=\"font-weight: 400;\">: Singolo<\/span><\/li>\n<li style=\"font-weight: 400;\" aria-level=\"1\"><b>Dimensioni<\/b><span style=\"font-weight: 400;\">: D 45 cm &#8211; H 56 cm <\/span><\/li>\n<li style=\"font-weight: 400;\" aria-level=\"1\"><b>Materiale<\/b><span style=\"font-weight: 400;\">: Bianco Carrara<\/span><\/li>\n<\/ul>\n","protected":false},"excerpt":{"rendered":"<p>&nbsp;<\/p>\n<p><span style=\"font-weight: 400;\">Simbolo di equilibrio e contrasto, MARMONIE K\u00d6MBO \u00e8 un capolavoro di geometria e grazia. Il suo ripiano tondo, in marmo Bianco Carrara perfettamente levigato, si posa con naturalezza su di una base rettangolare, sorprendentemente scavata al centro per una leggerezza visiva che sfida la solida presenza del marmo. Questo pezzo non \u00e8 solo un mobile, ma una scultura funzionale che racchiude la forza e la poesia del design italiano. K\u00d6MBO \u00e8 la scelta ideale per chi cerca l&#8217;armonia delle forme pure e l&#8217;innovazione nell&#8217;arredo di spazi contemporanei.<\/span><\/p>\n","protected":false},"featured_media":3679,"comment_status":"open","ping_status":"closed","template":"","meta":[],"product_cat":[92,90,93,85],"product_tag":[],"class_list":{"0":"post-3428","1":"product","2":"type-product","3":"status-publish","4":"has-post-thumbnail","5":"hentry","6":"product_cat-arredo","7":"product_cat-ufficio","8":"product_cat-elementi","9":"product_cat-bianco-carrara","swatches":"rey-swatches","show_selected":""},"acf":[],"_links":{"self":[{"href":"https:\/\/marmonie.it\/en\/wp-json\/wp\/v2\/product\/3428","targetHints":{"allow":["GET"]}}],"collection":[{"href":"https:\/\/marmonie.it\/en\/wp-json\/wp\/v2\/product"}],"about":[{"href":"https:\/\/marmonie.it\/en\/wp-json\/wp\/v2\/types\/product"}],"replies":[{"embeddable":true,"href":"https:\/\/marmonie.it\/en\/wp-json\/wp\/v2\/comments?post=3428"}],"wp:featuredmedia":[{"embeddable":true,"href":"https:\/\/marmonie.it\/en\/wp-json\/wp\/v2\/media\/3679"}],"wp:attachment":[{"href":"https:\/\/marmonie.it\/en\/wp-json\/wp\/v2\/media?parent=3428"}],"wp:term":[{"taxonomy":"product_cat","embeddable":true,"href":"https:\/\/marmonie.it\/en\/wp-json\/wp\/v2\/product_cat?post=3428"},{"taxonomy":"product_tag","embeddable":true,"href":"https:\/\/marmonie.it\/en\/wp-json\/wp\/v2\/product_tag?post=3428"}],"curies":[{"name":"wp","href":"https:\/\/api.w.org\/{rel}","templated":true}]}}