{"id":3427,"date":"2023-08-29T11:22:43","date_gmt":"2023-08-29T09:22:43","guid":{"rendered":"https:\/\/marmonie.it\/?post_type=product&#038;p=3427"},"modified":"2023-11-15T16:48:40","modified_gmt":"2023-11-15T15:48:40","slug":"marmonia-poggiai","status":"publish","type":"product","link":"https:\/\/marmonie.it\/en\/prodotto\/marmonia-poggiai\/","title":{"rendered":"MARMONIE  POGGI\u00d2"},"content":{"rendered":"<p><span style=\"font-weight: 400;\">MARMONIE POGGI\u00d2 rappresenta un connubio perfetto di forma e funzione: un portapenne da scrivania che non \u00e8 solo un contenitore per strumenti di scrittura, ma un pezzo di design che parla la lingua dell&#8217;eleganza e del lusso. Caratterizzato dalla purezza e dalla prestigiosa venatura del marmo Bianco Carrara, ogni POGGI\u00d2 \u00e8 una celebrazione della tradizione scultorea italiana, che si estende attraverso generazioni di abili artigiani. Questo portapenne \u00e8 frutto di una lavorazione accurata, dove ogni gesto \u00e8 guidato dalla sapienza di chi sa che la bellezza \u00e8 una forma di eternit\u00e0 incisa nella pietra.<\/span><\/p>\n<p>&nbsp;<\/p>\n<p><span style=\"font-weight: 400;\">Con POGGI\u00d2, la scrivania si trasforma in un palcoscenico, dove la funzionalit\u00e0 quotidiana si eleva a manifesto di stile. \u00c8 un oggetto che non si limita a far mostra di penne e matite ma custodisce la passione per il bello, la precisione del dettaglio, la nobilt\u00e0 del materiale. \u00c8 un invito a riscoprire il piacere di oggetti che con la loro presenza silenziosa ma imponente, ricordano che ogni gesto lavorativo pu\u00f2 essere accompagnato dalla poesia delle forme.<\/span><\/p>\n<p>&nbsp;<\/p>\n<p><span style=\"font-weight: 400;\">Il portapenne POGGI\u00d2 \u00e8 una scelta per chi cerca nell&#8217;oggetto quotidiano una fonte di ispirazione, un&#8217;esperienza che va oltre la semplice utilit\u00e0 per toccare i sensi con la sua presenza e la sua storia.<\/span><\/p>\n<p><span style=\"font-weight: 400;\">\u00a0<\/span><\/p>\n<ul>\n<li style=\"font-weight: 400;\" aria-level=\"1\"><b>Formato<\/b><span style=\"font-weight: 400;\">: Singolo<\/span><\/li>\n<li style=\"font-weight: 400;\" aria-level=\"1\"><b>Dimensioni<\/b><span style=\"font-weight: 400;\">: 15 x 8 x 4 cm<\/span><\/li>\n<li style=\"font-weight: 400;\" aria-level=\"1\"><b>Materiale<\/b><span style=\"font-weight: 400;\">: Bianco Carrara<\/span><\/li>\n<\/ul>\n","protected":false},"excerpt":{"rendered":"<p><span style=\"font-weight: 400;\">L&#8217;essenza del design incontra la funzionalit\u00e0 di un portapenne da scrivania esclusivo. Scolpito nel marmo Bianco Carrara, MARMONIE POGGI\u00d2 \u00e8 un tributo alla maestria artigianale italiana e alla ricerca incessante della bellezza senza tempo. Ogni pezzo \u00e8 un&#8217;affermazione di stile e un omaggio alla tradizione, offrendo un tocco di raffinatezza a qualsiasi ambiente lavorativo.<\/span><\/p>\n","protected":false},"featured_media":3677,"comment_status":"open","ping_status":"closed","template":"","meta":[],"product_cat":[90,93,85],"product_tag":[],"class_list":{"0":"post-3427","1":"product","2":"type-product","3":"status-publish","4":"has-post-thumbnail","5":"hentry","6":"product_cat-ufficio","7":"product_cat-elementi","8":"product_cat-bianco-carrara","swatches":"rey-swatches","show_selected":""},"acf":[],"_links":{"self":[{"href":"https:\/\/marmonie.it\/en\/wp-json\/wp\/v2\/product\/3427","targetHints":{"allow":["GET"]}}],"collection":[{"href":"https:\/\/marmonie.it\/en\/wp-json\/wp\/v2\/product"}],"about":[{"href":"https:\/\/marmonie.it\/en\/wp-json\/wp\/v2\/types\/product"}],"replies":[{"embeddable":true,"href":"https:\/\/marmonie.it\/en\/wp-json\/wp\/v2\/comments?post=3427"}],"wp:featuredmedia":[{"embeddable":true,"href":"https:\/\/marmonie.it\/en\/wp-json\/wp\/v2\/media\/3677"}],"wp:attachment":[{"href":"https:\/\/marmonie.it\/en\/wp-json\/wp\/v2\/media?parent=3427"}],"wp:term":[{"taxonomy":"product_cat","embeddable":true,"href":"https:\/\/marmonie.it\/en\/wp-json\/wp\/v2\/product_cat?post=3427"},{"taxonomy":"product_tag","embeddable":true,"href":"https:\/\/marmonie.it\/en\/wp-json\/wp\/v2\/product_tag?post=3427"}],"curies":[{"name":"wp","href":"https:\/\/api.w.org\/{rel}","templated":true}]}}