{"id":2346,"date":"2023-05-02T10:26:24","date_gmt":"2023-05-02T08:26:24","guid":{"rendered":"https:\/\/marmonie.it\/?post_type=product&#038;p=2346"},"modified":"2023-11-14T18:35:44","modified_gmt":"2023-11-14T17:35:44","slug":"marmonia-pantarhei-bianco","status":"publish","type":"product","link":"https:\/\/marmonie.it\/en\/prodotto\/marmonia-pantarhei-bianco\/","title":{"rendered":"MARMONIE PANTARHEI"},"content":{"rendered":"<p><span style=\"font-weight: 400;\">MARMONIE PANTHAREI, pi\u00f9 che un semplice calendario, \u00e8 un esempio vivente di arte e ingegneria, scolpito nel pi\u00f9 nobile dei marmi, il Bianco di Carrara.\u00a0<\/span><\/p>\n<p>&nbsp;<\/p>\n<p><span style=\"font-weight: 400;\">La sua essenza minimalista \u00e8 resa viva dall&#8217;interazione con cinque elementi mobili che permettono una rappresentazione quotidiana del passare del tempo, con la data, il giorno della settimana e l&#8217;anno che si compongono in un mosaico di eleganza e funzione.<\/span><\/p>\n<p>&nbsp;<\/p>\n<p><span style=\"font-weight: 400;\">Ogni dettaglio \u00e8 frutto della maestria di artigiani versati, che impiegano la loro esperienza per trasformare un blocco di marmo in un dialogo tattile con il tempo. PANTHAREI non \u00e8 solo un complemento per la scrivania ma un invito a riflettere sulla fluidit\u00e0 dei giorni, in uno spazio lavorativo che diventa testimonianza di un&#8217;estetica che sfida l&#8217;effimero e celebra l&#8217;eterno.<\/span><\/p>\n<p>&nbsp;<\/p>\n<ul>\n<li style=\"font-weight: 400;\" aria-level=\"1\"><b>Formato<\/b><span style=\"font-weight: 400;\">: Singolo<\/span><\/li>\n<li style=\"font-weight: 400;\" aria-level=\"1\"><b>Dimensioni<\/b><span style=\"font-weight: 400;\">: 15 x 3 x 4,5 cm<\/span><\/li>\n<li style=\"font-weight: 400;\" aria-level=\"1\"><b>Materiale<\/b><span style=\"font-weight: 400;\">: Bianco Carrara<\/span><\/li>\n<\/ul>\n","protected":false},"excerpt":{"rendered":"<p>&nbsp;<\/p>\n<p><span style=\"font-weight: 400;\">Un&#8217;ode al tempo e alla sua incessante corsa, il calendario da scrivania MARMONIE PANTHAREI \u00e8 un capolavoro di minimalismo e precisione. Scolpito nel pregiato marmo bianco di Carrara, le sue linee rette e la forma semplice si uniscono in un design che \u00e8 allo stesso tempo raffinato e funzionale. Ogni pezzo, realizzato a mano da artigiani che portano la tradizione nella loro abilit\u00e0 e attenzione al dettaglio, celebra l&#8217;unicit\u00e0 dell&#8217;artigianato e la bellezza del fare. PANTHAREI non \u00e8 soltanto un calendario, ma una vera e propria scultura utilitaria, una presenza elegante che arricchisce la scrivania con stile e classe.<\/span><\/p>\n","protected":false},"featured_media":3693,"comment_status":"open","ping_status":"closed","template":"","meta":[],"product_cat":[92,91,90,93,85],"product_tag":[],"class_list":{"0":"post-2346","1":"product","2":"type-product","3":"status-publish","4":"has-post-thumbnail","5":"hentry","6":"product_cat-arredo","7":"product_cat-cucina","8":"product_cat-ufficio","9":"product_cat-elementi","10":"product_cat-bianco-carrara","swatches":"rey-swatches","show_selected":""},"acf":[],"_links":{"self":[{"href":"https:\/\/marmonie.it\/en\/wp-json\/wp\/v2\/product\/2346","targetHints":{"allow":["GET"]}}],"collection":[{"href":"https:\/\/marmonie.it\/en\/wp-json\/wp\/v2\/product"}],"about":[{"href":"https:\/\/marmonie.it\/en\/wp-json\/wp\/v2\/types\/product"}],"replies":[{"embeddable":true,"href":"https:\/\/marmonie.it\/en\/wp-json\/wp\/v2\/comments?post=2346"}],"wp:featuredmedia":[{"embeddable":true,"href":"https:\/\/marmonie.it\/en\/wp-json\/wp\/v2\/media\/3693"}],"wp:attachment":[{"href":"https:\/\/marmonie.it\/en\/wp-json\/wp\/v2\/media?parent=2346"}],"wp:term":[{"taxonomy":"product_cat","embeddable":true,"href":"https:\/\/marmonie.it\/en\/wp-json\/wp\/v2\/product_cat?post=2346"},{"taxonomy":"product_tag","embeddable":true,"href":"https:\/\/marmonie.it\/en\/wp-json\/wp\/v2\/product_tag?post=2346"}],"curies":[{"name":"wp","href":"https:\/\/api.w.org\/{rel}","templated":true}]}}