{"id":2327,"date":"2023-05-02T10:26:01","date_gmt":"2023-05-02T08:26:01","guid":{"rendered":"https:\/\/marmonie.it\/?post_type=product&#038;p=2327"},"modified":"2023-11-14T19:07:10","modified_gmt":"2023-11-14T18:07:10","slug":"marmonia-scioscio-rosso-verona","status":"publish","type":"product","link":"https:\/\/marmonie.it\/en\/prodotto\/marmonia-scioscio-rosso-verona\/","title":{"rendered":"MARMONIE SCI\u00d2SCI\u00d2 ROSSO"},"content":{"rendered":"<p><span style=\"font-weight: 400;\">MARMONIE SCI\u00d2SCI\u00d2 si afferma come un oggetto di design carico di simbolismo e bellezza naturale.<\/span><\/p>\n<p>&nbsp;<\/p>\n<p><span style=\"font-weight: 400;\">Scelto nel bianco immacolato del marmo di Carrara, questo corno porta con s\u00e9 l&#8217;atmosfera pura e serena del Natale, integrandosi con eleganza nei contesti pi\u00f9 moderni e minimalisti. La variante in marmo rosso di Verona \u00e8 un&#8217;espressione di ardore e buon auspicio, pronta a catturare sguardi e arricchire ogni tavolo con la sua presenza calorosa e vivace. Il verde Guatemala, infine, \u00e8 un inno alla speranza e alla continuit\u00e0 della vita, conferendo a ogni spazio un senso di crescita e rigenerazione.<\/span><\/p>\n<p>&nbsp;<\/p>\n<p><span style=\"font-weight: 400;\">In ogni sua forma, SCI\u00d2SCI\u00d2 \u00e8 progettata per coloro che cercano un&#8217;armonia tra estetica e simbologia, un accessorio che non \u00e8 solo un complemento d&#8217;arredo ma un pezzo di conversazione che invita alla riflessione e all&#8217;ottimismo.<\/span><\/p>\n<ul>\n<li style=\"font-weight: 400;\" aria-level=\"1\"><b>Formato<\/b><span style=\"font-weight: 400;\">: Singolo<\/span><\/li>\n<li style=\"font-weight: 400;\" aria-level=\"1\"><b>Dimensioni<\/b><span style=\"font-weight: 400;\">: H 21 cm &#8211; Base Diametro 5 cm<\/span><\/li>\n<li style=\"font-weight: 400;\" aria-level=\"1\"><b>Materiale<\/b><span style=\"font-weight: 400;\">: Rosso Verona<\/span><\/li>\n<\/ul>\n","protected":false},"excerpt":{"rendered":"<p>&nbsp;<\/p>\n<p><span style=\"font-weight: 400;\">MARMONIE SCI\u00d2SCI\u00d2 \u00e8 un corno scaramantico da tavolo, elegante e simbolico, disponibile in marmo Bianco Carrara, Rosso Verona o Verde Guatemala. Nella sua sfumatura bianca, evoca la purezza e la magia invernale, adattandosi a spazi dal design minimale. La versione in Rosso Verona si fa portatrice di passione e fortuna, un classico talismano che si fa notare. In verde, SCI\u00d2SCI\u00d2 rappresenta la speranza e la vitalit\u00e0, un tocco di natura e ottimismo per ogni ambiente. Ogni colore racconta una storia e invita alla positivit\u00e0, rendendo SCI\u00d2SCI\u00d2 un&#8217;opera d&#8217;arte che porta con s\u00e9 una ricchezza di significati.<\/span><\/p>\n","protected":false},"featured_media":3725,"comment_status":"open","ping_status":"closed","template":"","meta":[],"product_cat":[92,90,93,111],"product_tag":[],"class_list":{"0":"post-2327","1":"product","2":"type-product","3":"status-publish","4":"has-post-thumbnail","5":"hentry","6":"product_cat-arredo","7":"product_cat-ufficio","8":"product_cat-elementi","9":"product_cat-rosso-verona","swatches":"rey-swatches","show_selected":""},"acf":[],"_links":{"self":[{"href":"https:\/\/marmonie.it\/en\/wp-json\/wp\/v2\/product\/2327","targetHints":{"allow":["GET"]}}],"collection":[{"href":"https:\/\/marmonie.it\/en\/wp-json\/wp\/v2\/product"}],"about":[{"href":"https:\/\/marmonie.it\/en\/wp-json\/wp\/v2\/types\/product"}],"replies":[{"embeddable":true,"href":"https:\/\/marmonie.it\/en\/wp-json\/wp\/v2\/comments?post=2327"}],"wp:featuredmedia":[{"embeddable":true,"href":"https:\/\/marmonie.it\/en\/wp-json\/wp\/v2\/media\/3725"}],"wp:attachment":[{"href":"https:\/\/marmonie.it\/en\/wp-json\/wp\/v2\/media?parent=2327"}],"wp:term":[{"taxonomy":"product_cat","embeddable":true,"href":"https:\/\/marmonie.it\/en\/wp-json\/wp\/v2\/product_cat?post=2327"},{"taxonomy":"product_tag","embeddable":true,"href":"https:\/\/marmonie.it\/en\/wp-json\/wp\/v2\/product_tag?post=2327"}],"curies":[{"name":"wp","href":"https:\/\/api.w.org\/{rel}","templated":true}]}}