{"id":2322,"date":"2023-05-02T10:26:00","date_gmt":"2023-05-02T08:26:00","guid":{"rendered":"https:\/\/marmonie.it\/?post_type=product&#038;p=2322"},"modified":"2023-11-14T18:02:05","modified_gmt":"2023-11-14T17:02:05","slug":"marmonia-mas-verde-elegant-edition-coppia","status":"publish","type":"product","link":"https:\/\/marmonie.it\/en\/prodotto\/marmonia-mas-verde-elegant-edition-coppia\/","title":{"rendered":"MARMONIE MAS VERDE &#8211; Elegant Edition &#8211; Coppia"},"content":{"rendered":"<p><span style=\"font-weight: 400;\">MARMONIE MAS Elegant Edition si impone come un capolavoro di design minimalista, che si esprime attraverso la fluidit\u00e0 di una linea curva impeccabile, estendendosi dalla cima fino alla base con una semplicit\u00e0 che cattura l&#8217;essenza del lusso.\u00a0<\/span><\/p>\n<p>&nbsp;<\/p>\n<p><span style=\"font-weight: 400;\">Esemplare nella sua discrezione, MAS Elegant Edition trasforma ogni ambiente, da quello domestico a quello ufficio, in una galleria di gusto e raffinatezza.<\/span><\/p>\n<p>&nbsp;<\/p>\n<p><span style=\"font-weight: 400;\">Il marmo Guatemala, selezionato per le sue qualit\u00e0 estetiche superiori, arricchisce ogni spazio con le sue venature profonde e dinamiche, donando una presenza che \u00e8 al contempo moderna e senza tempo, un autentico tributo all&#8217;eccellenza artigianale e alla bellezza intramontabile delle feste.<\/span><\/p>\n<p>&nbsp;<\/p>\n<ul>\n<li style=\"font-weight: 400;\" aria-level=\"1\"><b>Formato<\/b><span style=\"font-weight: 400;\">: Coppia<\/span><\/li>\n<li style=\"font-weight: 400;\" aria-level=\"1\"><b>Dimensioni<\/b><span style=\"font-weight: 400;\">: 20\/ 25 cm<\/span><\/li>\n<li style=\"font-weight: 400;\" aria-level=\"1\"><b>Materiale<\/b><span style=\"font-weight: 400;\">: Verde Guatemala<\/span><\/li>\n<\/ul>\n","protected":false},"excerpt":{"rendered":"<p>&nbsp;<\/p>\n<p><strong>Believe in the magic of Christmas.\u00a0<\/strong><\/p>\n<p><span style=\"font-weight: 400;\">Una celebrazione scultorea del Natale, con una singola linea curva che scende in un fluire elegante dal vertice alla base. MARMONIE MAS Elegant Edition, nella sua pura sobriet\u00e0, incarna la preziosit\u00e0 e l&#8217;equilibrio, adattandosi con grazia a qualsiasi ambiente. Il marmo Guatemala, noto per la sua vivida bellezza e venature distintive, esalta ulteriormente ogni spazio, confermando che MAS \u00e8 pi\u00f9 di un semplice ornamento: \u00e8 un complemento di stile che armonizza la tradizione con l&#8217;innovazione.<\/span><\/p>\n","protected":false},"featured_media":3747,"comment_status":"open","ping_status":"closed","template":"","meta":[],"product_cat":[92,93,109],"product_tag":[],"class_list":{"0":"post-2322","1":"product","2":"type-product","3":"status-publish","4":"has-post-thumbnail","5":"hentry","6":"product_cat-arredo","7":"product_cat-elementi","8":"product_cat-verde-guatemala","swatches":"rey-swatches","show_selected":""},"acf":[],"_links":{"self":[{"href":"https:\/\/marmonie.it\/en\/wp-json\/wp\/v2\/product\/2322","targetHints":{"allow":["GET"]}}],"collection":[{"href":"https:\/\/marmonie.it\/en\/wp-json\/wp\/v2\/product"}],"about":[{"href":"https:\/\/marmonie.it\/en\/wp-json\/wp\/v2\/types\/product"}],"replies":[{"embeddable":true,"href":"https:\/\/marmonie.it\/en\/wp-json\/wp\/v2\/comments?post=2322"}],"wp:featuredmedia":[{"embeddable":true,"href":"https:\/\/marmonie.it\/en\/wp-json\/wp\/v2\/media\/3747"}],"wp:attachment":[{"href":"https:\/\/marmonie.it\/en\/wp-json\/wp\/v2\/media?parent=2322"}],"wp:term":[{"taxonomy":"product_cat","embeddable":true,"href":"https:\/\/marmonie.it\/en\/wp-json\/wp\/v2\/product_cat?post=2322"},{"taxonomy":"product_tag","embeddable":true,"href":"https:\/\/marmonie.it\/en\/wp-json\/wp\/v2\/product_tag?post=2322"}],"curies":[{"name":"wp","href":"https:\/\/api.w.org\/{rel}","templated":true}]}}