{"id":2316,"date":"2023-05-02T10:26:00","date_gmt":"2023-05-02T08:26:00","guid":{"rendered":"https:\/\/marmonie.it\/?post_type=product&#038;p=2316"},"modified":"2023-11-14T17:58:09","modified_gmt":"2023-11-14T16:58:09","slug":"marmonia-mas-verde-guatemala-large","status":"publish","type":"product","link":"https:\/\/marmonie.it\/en\/prodotto\/marmonia-mas-verde-guatemala-large\/","title":{"rendered":"MARMONIE MAS VERDE &#8211; Large"},"content":{"rendered":"<p><span style=\"font-weight: 400;\">MARMONIE MAS \u00e8 un simbolo di eleganza e tradizione, un rifugio per lo sguardo nel cuore dell&#8217;inverno. Questo pezzo \u00e8 ispirato alla quiete che segue la prima neve, quando il mondo sembra rinascere in una veste pura e scintillante.<\/span><\/p>\n<p><strong style=\"background-color: var(--body-bg-color); color: var(--body-color); font-family: var(--body-font-family),sans-serif; font-size: 1.125rem;\">\u00a0<\/strong><\/p>\n<p><span style=\"font-weight: 400;\">Con la sua silhouette che ricorda i rami innevati, MAS porta la serenit\u00e0 del paesaggio invernale all&#8217;interno delle mura domestiche, infondendo ogni ambiente con la magia e la meraviglia del Natale. Il marmo di Guatemala, con le sue venature distintive, \u00e8 stato scelto per la sua bellezza intrinseca e la capacit\u00e0 di catturare la luce, offrendo profondit\u00e0 e complessit\u00e0 a questo oggetto decorativo.<\/span><\/p>\n<p><strong style=\"background-color: var(--body-bg-color); color: var(--body-color); font-family: var(--body-font-family),sans-serif; font-size: 1.125rem;\">\u00a0<\/strong><\/p>\n<p><span style=\"font-weight: 400;\">MAS non \u00e8 solo un addobbo, ma un&#8217;opera d&#8217;arte che racchiude l&#8217;essenza delle festivit\u00e0 in forme che invitano al tocco, alla vista, e alla riflessione.<\/span><\/p>\n<p><strong style=\"background-color: var(--body-bg-color); color: var(--body-color); font-family: var(--body-font-family),sans-serif; font-size: 1.125rem;\">\u00a0<\/strong><\/p>\n<ul>\n<li style=\"font-weight: 400;\" aria-level=\"1\"><b>Formato<\/b><span style=\"font-weight: 400;\">: Large<\/span><\/li>\n<li style=\"font-weight: 400;\" aria-level=\"1\"><b>Dimensioni<\/b><span style=\"font-weight: 400;\">: 25 cm<\/span><\/li>\n<li style=\"font-weight: 400;\" aria-level=\"1\"><b>Materiale<\/b><span style=\"font-weight: 400;\">: Verde Guatemala<\/span><\/li>\n<\/ul>\n","protected":false},"excerpt":{"rendered":"<p>&nbsp;<\/p>\n<p><strong>Believe in the magic of Christmas.\u00a0<\/strong><\/p>\n<p><span style=\"font-weight: 400;\">La dolcezza delle festivit\u00e0 prende forma nel marmo di Guatemala con MARMONIE MAS, un oggetto che celebra il Natale con la morbidezza delle sue curve e la delicatezza dei suoi angoli. Questa decorazione natalizia \u00e8 un&#8217;ode alla tranquillit\u00e0 delle vacanze, evocando la vista dei pini avvolti nella neve. Il design fluido e la tessitura unica del marmo arricchiscono l&#8217;ambiente con un senso di pace e raffinatezza, rendendo MAS un punto luce che porta con s\u00e9 lo spirito natalizio in ogni dettaglio, per una celebrazione che va oltre il tradizionale.<\/span><\/p>\n","protected":false},"featured_media":3763,"comment_status":"open","ping_status":"closed","template":"","meta":[],"product_cat":[92,93,109],"product_tag":[],"class_list":{"0":"post-2316","1":"product","2":"type-product","3":"status-publish","4":"has-post-thumbnail","5":"hentry","6":"product_cat-arredo","7":"product_cat-elementi","8":"product_cat-verde-guatemala","swatches":"rey-swatches","show_selected":""},"acf":[],"_links":{"self":[{"href":"https:\/\/marmonie.it\/en\/wp-json\/wp\/v2\/product\/2316","targetHints":{"allow":["GET"]}}],"collection":[{"href":"https:\/\/marmonie.it\/en\/wp-json\/wp\/v2\/product"}],"about":[{"href":"https:\/\/marmonie.it\/en\/wp-json\/wp\/v2\/types\/product"}],"replies":[{"embeddable":true,"href":"https:\/\/marmonie.it\/en\/wp-json\/wp\/v2\/comments?post=2316"}],"wp:featuredmedia":[{"embeddable":true,"href":"https:\/\/marmonie.it\/en\/wp-json\/wp\/v2\/media\/3763"}],"wp:attachment":[{"href":"https:\/\/marmonie.it\/en\/wp-json\/wp\/v2\/media?parent=2316"}],"wp:term":[{"taxonomy":"product_cat","embeddable":true,"href":"https:\/\/marmonie.it\/en\/wp-json\/wp\/v2\/product_cat?post=2316"},{"taxonomy":"product_tag","embeddable":true,"href":"https:\/\/marmonie.it\/en\/wp-json\/wp\/v2\/product_tag?post=2316"}],"curies":[{"name":"wp","href":"https:\/\/api.w.org\/{rel}","templated":true}]}}