{"id":2312,"date":"2023-05-02T10:26:00","date_gmt":"2023-05-02T08:26:00","guid":{"rendered":"https:\/\/marmonie.it\/?post_type=product&#038;p=2312"},"modified":"2023-11-14T17:49:31","modified_gmt":"2023-11-14T16:49:31","slug":"marmonia-tondo","status":"publish","type":"product","link":"https:\/\/marmonie.it\/en\/prodotto\/marmonia-tondo\/","title":{"rendered":"MARMONIE  T\u00d2NDO BIANCO"},"content":{"rendered":"<p><span style=\"font-weight: 400;\">MARMONIE T\u00d2NDO \u00e8 una celebrazione della forma e della funzione, un pezzo che parla la lingua del lusso quotidiano. Magistralmente lavorato dal rinomato marmo Bianco di Carrara, questo svuota tasche \u00e8 una testimonianza del patrimonio artigianale e del design italiano.<\/span><\/p>\n<p>&nbsp;<\/p>\n<p><span style=\"font-weight: 400;\">La sua superficie liscia e il contorno ben definito offrono un palcoscenico ideale per accogliere gli oggetti che accompagnano la vostra giornata. Perfetto per contenere chiavi, gioielli o anche semplici memorabilia, T\u00d2NDO trasforma il gesto quotidiano di svuotare le tasche in un momento di apprezzamento per l&#8217;arte e la bellezza.<\/span><\/p>\n<p>&nbsp;<\/p>\n<p><span style=\"font-weight: 400;\">Con il suo design minimale ed elegante, questo svuota tasche non \u00e8 semplicemente un oggetto funzionale, ma un&#8217;opera d&#8217;arte che arricchisce l&#8217;ambiente, invitando alla contemplazione e al dialogo con lo spazio che occupa, impreziosendo ogni superficie su cui si trova con una presenza che \u00e8 tanto discreta quanto imponente.<\/span><\/p>\n<p>&nbsp;<\/p>\n<ul>\n<li style=\"font-weight: 400;\" aria-level=\"1\"><b>Formato<\/b><span style=\"font-weight: 400;\">: singolo<\/span><\/li>\n<li style=\"font-weight: 400;\" aria-level=\"1\"><b>Dimensioni<\/b><span style=\"font-weight: 400;\">: cm 22 x 22 x 3 cm<\/span><\/li>\n<li style=\"font-weight: 400;\" aria-level=\"1\"><b>Materiale<\/b><span style=\"font-weight: 400;\">: Bianco Carrara<\/span><\/li>\n<\/ul>\n<p>&nbsp;<\/p>\n","protected":false},"excerpt":{"rendered":"<p>&nbsp;<\/p>\n<p><span style=\"font-weight: 400;\"><strong>Stile ed eleganza serviti su un piatto\u2026\u00a0<\/strong><\/span><\/p>\n<p><span style=\"font-weight: 400;\">Un rifugio elegante per i vostri oggetti preziosi, MARMONIE T\u00d2NDO \u00e8 l&#8217;essenza di funzionalit\u00e0 e raffinatezza. Questo svuota tasche, lavorato con cura dal marmo Bianco di Carrara, offre uno spazio distintivo per custodire chiavi, gioielli, e piccoli oggetti quotidiani. Il suo design pulito e l&#8217;eleganza intramontabile del marmo si fondono per creare un oggetto che \u00e8 pi\u00f9 di un semplice contenitore: \u00e8 un complemento d&#8217;arredo che arricchisce l&#8217;estetica di qualsiasi spazio, riflettendo la luce e l&#8217;eleganza naturale della pietra pi\u00f9 nobile.<\/span><\/p>\n","protected":false},"featured_media":3987,"comment_status":"open","ping_status":"closed","template":"","meta":[],"product_cat":[92,90,93,85],"product_tag":[],"class_list":{"0":"post-2312","1":"product","2":"type-product","3":"status-publish","4":"has-post-thumbnail","5":"hentry","6":"product_cat-arredo","7":"product_cat-ufficio","8":"product_cat-elementi","9":"product_cat-bianco-carrara","swatches":"rey-swatches","show_selected":""},"acf":[],"_links":{"self":[{"href":"https:\/\/marmonie.it\/en\/wp-json\/wp\/v2\/product\/2312","targetHints":{"allow":["GET"]}}],"collection":[{"href":"https:\/\/marmonie.it\/en\/wp-json\/wp\/v2\/product"}],"about":[{"href":"https:\/\/marmonie.it\/en\/wp-json\/wp\/v2\/types\/product"}],"replies":[{"embeddable":true,"href":"https:\/\/marmonie.it\/en\/wp-json\/wp\/v2\/comments?post=2312"}],"wp:featuredmedia":[{"embeddable":true,"href":"https:\/\/marmonie.it\/en\/wp-json\/wp\/v2\/media\/3987"}],"wp:attachment":[{"href":"https:\/\/marmonie.it\/en\/wp-json\/wp\/v2\/media?parent=2312"}],"wp:term":[{"taxonomy":"product_cat","embeddable":true,"href":"https:\/\/marmonie.it\/en\/wp-json\/wp\/v2\/product_cat?post=2312"},{"taxonomy":"product_tag","embeddable":true,"href":"https:\/\/marmonie.it\/en\/wp-json\/wp\/v2\/product_tag?post=2312"}],"curies":[{"name":"wp","href":"https:\/\/api.w.org\/{rel}","templated":true}]}}