{"id":2307,"date":"2023-05-02T10:25:59","date_gmt":"2023-05-02T08:25:59","guid":{"rendered":"https:\/\/marmonie.it\/?post_type=product&#038;p=2307"},"modified":"2023-11-14T18:49:57","modified_gmt":"2023-11-14T17:49:57","slug":"marmonia-rego-nero-small","status":"publish","type":"product","link":"https:\/\/marmonie.it\/en\/prodotto\/marmonia-rego-nero-small\/","title":{"rendered":"MARMONIE R\u00c8GO NERO &#8211; Small"},"content":{"rendered":"<p><span style=\"font-weight: 400;\">Raffinatezza e praticit\u00e0 si incontrano in MARMONIE R\u00c8GO, l&#8217;accessorio da scrivania che eleva l&#8217;uso del notebook in sinergia con monitor esterni. R\u00c8GO nasce dalla necessit\u00e0 di organizzare lo spazio lavorativo con stile, offrendo una base ampia e sicura per posizionare il laptop verticalmente, liberando cos\u00ec la scrivania per un aspetto pi\u00f9 ordinato e spazioso.<\/span><\/p>\n<p>&nbsp;<\/p>\n<p><span style=\"font-weight: 400;\">La sua struttura non \u00e8 solo pensata per l&#8217;estetica ma per un reale beneficio ergonomico, permettendo di mantenere una postura ottimale durante l&#8217;uso. Rivestito internamente da un morbido tessuto, R\u00c8GO custodisce il tuo dispositivo con cura, prevenendo graffi e usura.<\/span><\/p>\n<p>&nbsp;<\/p>\n<p><span style=\"font-weight: 400;\">Ma la sua utilit\u00e0 non si ferma all&#8217;elettronica: con la stessa facilit\u00e0, sostiene buste, block notes e documenti, diventando un utensile indispensabile anche in cucina per tenere ricette e tablet. R\u00c8GO incarna la filosofia che ogni oggetto di design dovrebbe migliorare la vita quotidiana, unendo forma e funzione con un&#8217;intelligenza spaziale.<\/span><\/p>\n<p>&nbsp;<\/p>\n<ul>\n<li style=\"font-weight: 400;\" aria-level=\"1\"><b>Formato<\/b><span style=\"font-weight: 400;\">: Small<\/span><\/li>\n<li style=\"font-weight: 400;\" aria-level=\"1\"><b>Dimensioni<\/b><span style=\"font-weight: 400;\">: 20 x 12 x 10 cm (consigliato per modelli 11&#8221;- 13\u201d)<\/span><\/li>\n<li style=\"font-weight: 400;\" aria-level=\"1\"><b>Materiale<\/b><span style=\"font-weight: 400;\">: Nero Assoluto<\/span><\/li>\n<\/ul>\n<p>&nbsp;<\/p>\n","protected":false},"excerpt":{"rendered":"<p>&nbsp;<\/p>\n<p><span style=\"font-weight: 400;\"><strong>Fai spazio, libera le tue idee, c\u2019\u00e8 chi regge per te..<\/strong><\/span><\/p>\n<p><span style=\"font-weight: 400;\">MARMONIE R\u00c8GO \u00e8 una soluzione elegante per l&#8217;organizzazione della scrivania, R\u00c8GO \u00e8 il supporto verticale che trasforma il modo in cui usi il tuo notebook con un display esterno. Progettato per massimizzare lo spazio e garantire un&#8217;area di lavoro ordinata, questo accessorio combina robustezza e fine design, migliorando l&#8217;ergonomia del tuo spazio lavorativo. La sua base solida assicura stabilit\u00e0 al laptop, mentre l&#8217;imbottitura interna protegge da graffi, rendendo R\u00c8GO un alleato versatile per l&#8217;ufficio e la casa.<\/span><\/p>\n","protected":false},"featured_media":3933,"comment_status":"open","ping_status":"closed","template":"","meta":[],"product_cat":[90,93,88],"product_tag":[],"class_list":{"0":"post-2307","1":"product","2":"type-product","3":"status-publish","4":"has-post-thumbnail","5":"hentry","6":"product_cat-ufficio","7":"product_cat-elementi","8":"product_cat-nero-assoluto","swatches":"rey-swatches","show_selected":""},"acf":[],"_links":{"self":[{"href":"https:\/\/marmonie.it\/en\/wp-json\/wp\/v2\/product\/2307","targetHints":{"allow":["GET"]}}],"collection":[{"href":"https:\/\/marmonie.it\/en\/wp-json\/wp\/v2\/product"}],"about":[{"href":"https:\/\/marmonie.it\/en\/wp-json\/wp\/v2\/types\/product"}],"replies":[{"embeddable":true,"href":"https:\/\/marmonie.it\/en\/wp-json\/wp\/v2\/comments?post=2307"}],"wp:featuredmedia":[{"embeddable":true,"href":"https:\/\/marmonie.it\/en\/wp-json\/wp\/v2\/media\/3933"}],"wp:attachment":[{"href":"https:\/\/marmonie.it\/en\/wp-json\/wp\/v2\/media?parent=2307"}],"wp:term":[{"taxonomy":"product_cat","embeddable":true,"href":"https:\/\/marmonie.it\/en\/wp-json\/wp\/v2\/product_cat?post=2307"},{"taxonomy":"product_tag","embeddable":true,"href":"https:\/\/marmonie.it\/en\/wp-json\/wp\/v2\/product_tag?post=2307"}],"curies":[{"name":"wp","href":"https:\/\/api.w.org\/{rel}","templated":true}]}}