{"id":2300,"date":"2023-09-02T10:25:59","date_gmt":"2023-09-02T08:25:59","guid":{"rendered":"https:\/\/marmonie.it\/?post_type=product&#038;p=2300"},"modified":"2023-11-14T17:40:24","modified_gmt":"2023-11-14T16:40:24","slug":"marmonia-onda","status":"publish","type":"product","link":"https:\/\/marmonie.it\/en\/prodotto\/marmonia-onda\/","title":{"rendered":"MARMONIE \u00d3NDA"},"content":{"rendered":"<p><span style=\"font-weight: 400;\">MARMONIE \u00d2NDA eleva l&#8217;arte del vivere quotidiano con la sua multifunzionalit\u00e0 e l&#8217;eccezionale bellezza della Pietra Lavica. Ogni pezzo, con la sua superficie robusta e la finitura ricercata, \u00e8 stato pensato per aggiungere un tocco di eleganza all&#8217;ambiente culinario.<\/span><\/p>\n<p>&nbsp;<\/p>\n<p><span style=\"font-weight: 400;\">Come poggiamestoli o supporto per le posate, \u00d2NDA \u00e8 il compagno ideale nelle danze della cucina, dove la preparazione dei piatti diventa un esercizio di stile e un\u2019esigenza funzionale. La sua capacit\u00e0 di resistere al calore gli permette di affrontare la vivacit\u00e0 della cucina, ma la sua versatilit\u00e0 non finisce qui: \u00d2NDA invita a essere riadattato in mille forme, facendo di questo oggetto un&#8217;incarnazione di utilit\u00e0 e design.<\/span><\/p>\n<p>&nbsp;<\/p>\n<p><span style=\"font-weight: 400;\">Con \u00d2NDA, l&#8217;ordinario si trasforma in straordinario, permettendo a ogni angolo della casa di riflettere un&#8217;estetica sofisticata e un&#8217;applicazione pratica, rendendo ogni gesto un&#8217;esperienza raffinata.<\/span><\/p>\n<p>&nbsp;<\/p>\n<ul>\n<li style=\"font-weight: 400;\" aria-level=\"1\"><b>Formato<\/b><span style=\"font-weight: 400;\">: Singolo<\/span><\/li>\n<li style=\"font-weight: 400;\" aria-level=\"1\"><b>Dimensioni<\/b><span style=\"font-weight: 400;\">: 12 x 10 x 4 cm<\/span><\/li>\n<li style=\"font-weight: 400;\" aria-level=\"1\"><b>Materiale<\/b><span style=\"font-weight: 400;\">: Pietra Lavica<\/span><\/li>\n<\/ul>\n","protected":false},"excerpt":{"rendered":"<p>&nbsp;<\/p>\n<p><strong>Sconvolgi la superficie del tuo piano lavoro..<\/strong><\/p>\n<p><span style=\"font-weight: 400;\">Un gioiello di funzionalit\u00e0 e design, MARMONIE \u00d2NDA \u00e8 l&#8217;alleato perfetto in cucina e non solo, scolpito nella nobile Pietra Lavica. Come poggiamestoli o ripiano per posate, trasforma ogni preparazione in un gesto di pura armonia, mentre la sua resistenza al calore lo rende insostituibile in ogni momento di creazione culinaria. La versatilit\u00e0 di \u00d2NDA lo estende a usi infiniti, invitando l&#8217;immaginazione a esplorare nuove funzioni in ogni spazio della casa, sempre con un tocco di classe inconfondibile.<\/span><\/p>\n","protected":false},"featured_media":3660,"comment_status":"open","ping_status":"closed","template":"","meta":[],"product_cat":[91,93,86],"product_tag":[],"class_list":{"0":"post-2300","1":"product","2":"type-product","3":"status-publish","4":"has-post-thumbnail","5":"hentry","6":"product_cat-cucina","7":"product_cat-elementi","8":"product_cat-pietra-lavica","swatches":"rey-swatches","show_selected":""},"acf":[],"_links":{"self":[{"href":"https:\/\/marmonie.it\/en\/wp-json\/wp\/v2\/product\/2300","targetHints":{"allow":["GET"]}}],"collection":[{"href":"https:\/\/marmonie.it\/en\/wp-json\/wp\/v2\/product"}],"about":[{"href":"https:\/\/marmonie.it\/en\/wp-json\/wp\/v2\/types\/product"}],"replies":[{"embeddable":true,"href":"https:\/\/marmonie.it\/en\/wp-json\/wp\/v2\/comments?post=2300"}],"wp:featuredmedia":[{"embeddable":true,"href":"https:\/\/marmonie.it\/en\/wp-json\/wp\/v2\/media\/3660"}],"wp:attachment":[{"href":"https:\/\/marmonie.it\/en\/wp-json\/wp\/v2\/media?parent=2300"}],"wp:term":[{"taxonomy":"product_cat","embeddable":true,"href":"https:\/\/marmonie.it\/en\/wp-json\/wp\/v2\/product_cat?post=2300"},{"taxonomy":"product_tag","embeddable":true,"href":"https:\/\/marmonie.it\/en\/wp-json\/wp\/v2\/product_tag?post=2300"}],"curies":[{"name":"wp","href":"https:\/\/api.w.org\/{rel}","templated":true}]}}