{"id":2298,"date":"2023-05-02T10:25:58","date_gmt":"2023-05-02T08:25:58","guid":{"rendered":"https:\/\/marmonie.it\/?post_type=product&#038;p=2298"},"modified":"2023-11-14T18:17:51","modified_gmt":"2023-11-14T17:17:51","slug":"marmonia-octa-bianco","status":"publish","type":"product","link":"https:\/\/marmonie.it\/en\/prodotto\/marmonia-octa-bianco\/","title":{"rendered":"MARMONIE OCT\u00c0 BIANCO"},"content":{"rendered":"<p><span style=\"font-weight: 400;\">MARMONIE OCT\u00c0 \u00e8 una sintesi perfetta di bellezza e praticit\u00e0, incarnata in un design ottagonale pulito che si integra con naturalezza in ogni spazio domestico.<\/span><\/p>\n<p>&nbsp;<\/p>\n<p><span style=\"font-weight: 400;\">Le sue linee decise e il profilo distintamente geometrico offrono un punto di attrazione visiva che supera la semplice utilit\u00e0. Come svuotatasche, OCT\u00c0 accoglie con grazia la routine quotidiana, rendendo l&#8217;atto di rientro a casa un momento di riconnessione e ordine.<\/span><\/p>\n<p>&nbsp;<\/p>\n<p><span style=\"font-weight: 400;\">In ogni stanza, si trasforma per ospitare i tesori della vita quotidiana, dai profumi alle piccole ricchezze personali, dimostrando che la funzione pu\u00f2 avere la stessa dignit\u00e0 della forma. OCT\u00c0 non \u00e8 solo un oggetto, ma un partner nella creazione di un ambiente dove comfort e estetica convivono in perfetta armonia.<\/span><\/p>\n<p>&nbsp;<\/p>\n<ul>\n<li style=\"font-weight: 400;\" aria-level=\"1\"><b>Formato<\/b><span style=\"font-weight: 400;\">: Singolo<\/span><\/li>\n<li style=\"font-weight: 400;\" aria-level=\"1\"><b>Dimensioni<\/b><span style=\"font-weight: 400;\">: 22 x 22 x 3 cm<\/span><\/li>\n<li style=\"font-weight: 400;\" aria-level=\"1\"><b>Materiale<\/b><span style=\"font-weight: 400;\">: Bianco Carrara<\/span><\/li>\n<\/ul>\n","protected":false},"excerpt":{"rendered":"<p>&nbsp;<\/p>\n<p><strong>Lasciati affascinare dall\u2019equilibrio dei suoi lati..<\/strong><\/p>\n<p><span style=\"font-weight: 400;\">Uno svuotatasche ottagonale che \u00e8 l&#8217;essenza della funzionalit\u00e0 e dello stile. Con le sue linee nette e la forma geometricamente armoniosa, MARMONIE OCT\u00c0 si adatta con disinvoltura a qualsiasi design d&#8217;interno. Polivalente e elegante, \u00e8 l&#8217;accessorio perfetto per organizzare con stile: dall&#8217;accogliere chiavi e corrispondenza nell&#8217;atrio, a custodire gli oggetti pi\u00f9 cari nel salotto, a esporre i profumi nel bagno, o conservare i gioielli nella camera da letto. OCT\u00c0 \u00e8 una soluzione raffinata che esalta l&#8217;ordine e l&#8217;estetica in ogni angolo della casa.<\/span><\/p>\n","protected":false},"featured_media":4013,"comment_status":"open","ping_status":"closed","template":"","meta":[],"product_cat":[92,90,93,85],"product_tag":[],"class_list":{"0":"post-2298","1":"product","2":"type-product","3":"status-publish","4":"has-post-thumbnail","5":"hentry","6":"product_cat-arredo","7":"product_cat-ufficio","8":"product_cat-elementi","9":"product_cat-bianco-carrara","swatches":"rey-swatches","show_selected":""},"acf":[],"_links":{"self":[{"href":"https:\/\/marmonie.it\/en\/wp-json\/wp\/v2\/product\/2298","targetHints":{"allow":["GET"]}}],"collection":[{"href":"https:\/\/marmonie.it\/en\/wp-json\/wp\/v2\/product"}],"about":[{"href":"https:\/\/marmonie.it\/en\/wp-json\/wp\/v2\/types\/product"}],"replies":[{"embeddable":true,"href":"https:\/\/marmonie.it\/en\/wp-json\/wp\/v2\/comments?post=2298"}],"wp:featuredmedia":[{"embeddable":true,"href":"https:\/\/marmonie.it\/en\/wp-json\/wp\/v2\/media\/4013"}],"wp:attachment":[{"href":"https:\/\/marmonie.it\/en\/wp-json\/wp\/v2\/media?parent=2298"}],"wp:term":[{"taxonomy":"product_cat","embeddable":true,"href":"https:\/\/marmonie.it\/en\/wp-json\/wp\/v2\/product_cat?post=2298"},{"taxonomy":"product_tag","embeddable":true,"href":"https:\/\/marmonie.it\/en\/wp-json\/wp\/v2\/product_tag?post=2298"}],"curies":[{"name":"wp","href":"https:\/\/api.w.org\/{rel}","templated":true}]}}